{"id":1119,"date":"2022-03-29T15:44:47","date_gmt":"2022-03-29T13:44:47","guid":{"rendered":"https:\/\/www.granulat.de\/about-us\/"},"modified":"2025-05-15T16:11:57","modified_gmt":"2025-05-15T14:11:57","slug":"about-us","status":"publish","type":"page","link":"https:\/\/www.granulat.de\/en\/about-us\/","title":{"rendered":"About us"},"content":{"rendered":"<p><div class=\"fusion-fullwidth fullwidth-box fusion-builder-row-1 fusion-flex-container nonhundred-percent-fullwidth non-hundred-percent-height-scrolling\" style=\"--awb-border-radius-top-left:0px;--awb-border-radius-top-right:0px;--awb-border-radius-bottom-right:0px;--awb-border-radius-bottom-left:0px;--awb-margin-top:50px;--awb-flex-wrap:wrap;\" ><div class=\"fusion-builder-row fusion-row fusion-flex-align-items-flex-start fusion-flex-content-wrap\" style=\"max-width:1248px;margin-left: calc(-4% \/ 2 );margin-right: calc(-4% \/ 2 );\"><div class=\"fusion-layout-column fusion_builder_column fusion-builder-column-0 fusion_builder_column_1_1 1_1 fusion-flex-column\" style=\"--awb-bg-size:cover;--awb-width-large:100%;--awb-margin-top-large:0px;--awb-spacing-right-large:1.92%;--awb-margin-bottom-large:20px;--awb-spacing-left-large:1.92%;--awb-width-medium:100%;--awb-order-medium:0;--awb-spacing-right-medium:1.92%;--awb-spacing-left-medium:1.92%;--awb-width-small:100%;--awb-order-small:0;--awb-spacing-right-small:1.92%;--awb-spacing-left-small:1.92%;\"><div class=\"fusion-column-wrapper fusion-column-has-shadow fusion-flex-justify-content-flex-start fusion-content-layout-column\"><div class=\"fusion-title title fusion-title-1 sep-underline sep-solid fusion-title-text fusion-title-size-one\" style=\"--awb-margin-top-small:10px;--awb-margin-right-small:0px;--awb-margin-bottom-small:10px;--awb-margin-left-small:0px;\"><h1 class=\"fusion-title-heading title-heading-left\" style=\"margin:0;text-transform:var(--awb-typography1-text-transform);\">About us<\/h1><\/div><\/div><\/div><\/div><\/div><div class=\"fusion-fullwidth fullwidth-box fusion-builder-row-2 fusion-flex-container nonhundred-percent-fullwidth non-hundred-percent-height-scrolling\" style=\"--awb-border-radius-top-left:0px;--awb-border-radius-top-right:0px;--awb-border-radius-bottom-right:0px;--awb-border-radius-bottom-left:0px;--awb-flex-wrap:wrap;\" ><div class=\"fusion-builder-row fusion-row fusion-flex-align-items-flex-start fusion-flex-content-wrap\" style=\"max-width:1248px;margin-left: calc(-4% \/ 2 );margin-right: calc(-4% \/ 2 );\"><div class=\"fusion-layout-column fusion_builder_column fusion-builder-column-1 fusion_builder_column_1_1 1_1 fusion-flex-column\" style=\"--awb-bg-size:cover;--awb-width-large:100%;--awb-margin-top-large:0px;--awb-spacing-right-large:1.92%;--awb-margin-bottom-large:20px;--awb-spacing-left-large:1.92%;--awb-width-medium:100%;--awb-order-medium:0;--awb-spacing-right-medium:1.92%;--awb-spacing-left-medium:1.92%;--awb-width-small:100%;--awb-order-small:0;--awb-spacing-right-small:1.92%;--awb-spacing-left-small:1.92%;\"><div class=\"fusion-column-wrapper fusion-column-has-shadow fusion-flex-justify-content-flex-start fusion-content-layout-column\"><div class=\"fusion-title title fusion-title-2 fusion-sep-none fusion-title-text fusion-title-size-three\" style=\"--awb-margin-top-small:10px;--awb-margin-right-small:0px;--awb-margin-bottom-small:10px;--awb-margin-left-small:0px;\"><h3 class=\"fusion-title-heading title-heading-left\" style=\"margin:0;text-transform:none;\">Competent plastics specialist<\/h3><\/div><div class=\"fusion-text fusion-text-1\" style=\"--awb-text-transform:none;\"><p>Since Granulat2000\u00ae was established in 1989 by former employees of Dynamit Nobel AG, it has gained an excellent reputation as a specialist for intelligent plastics solutions. Along with classic compounds and master batches, we specialise particularly in technical compounds, colour concentrates and additive master batches. Granulat2000\u00ae stands for custom-tailored solutions, experienced plastics experts, efficient production, analysis and inspection procedures, ultimate quality standards, flexible service and absolute customer orientation.<\/p>\n<\/div><div class=\"fusion-title title fusion-title-3 fusion-sep-none fusion-title-text fusion-title-size-three\" style=\"--awb-margin-top-small:10px;--awb-margin-right-small:0px;--awb-margin-bottom-small:10px;--awb-margin-left-small:0px;\"><h3 class=\"fusion-title-heading title-heading-left\" style=\"margin:0;text-transform:none;\">Detailed plastics expertise<\/h3><\/div><div class=\"fusion-text fusion-text-2\" style=\"--awb-text-transform:none;\"><p>Our success is based on the detailed expertise on material properties and colour combinations acquired over several decades by our 50 employees. This enables us to meet even the most challenging requirements with convincing custom-tailored solutions. Our team is supported by the very latest technology, e.g. infrared, TGI, VICAT, rheometers and extensiometers.<\/p>\n<\/div><\/div><\/div><\/div><\/div><div class=\"fusion-fullwidth fullwidth-box fusion-builder-row-3 fusion-flex-container nonhundred-percent-fullwidth non-hundred-percent-height-scrolling\" style=\"--awb-border-radius-top-left:0px;--awb-border-radius-top-right:0px;--awb-border-radius-bottom-right:0px;--awb-border-radius-bottom-left:0px;--awb-padding-top:50px;--awb-padding-bottom:50px;--awb-background-color:var(--awb-color2);--awb-flex-wrap:wrap;\" ><div class=\"fusion-builder-row fusion-row fusion-flex-align-items-flex-start fusion-flex-content-wrap\" style=\"max-width:1248px;margin-left: calc(-4% \/ 2 );margin-right: calc(-4% \/ 2 );\"><div class=\"fusion-layout-column fusion_builder_column fusion-builder-column-2 fusion_builder_column_1_1 1_1 fusion-flex-column\" style=\"--awb-bg-size:cover;--awb-width-large:100%;--awb-margin-top-large:0px;--awb-spacing-right-large:1.92%;--awb-margin-bottom-large:20px;--awb-spacing-left-large:1.92%;--awb-width-medium:100%;--awb-order-medium:0;--awb-spacing-right-medium:1.92%;--awb-spacing-left-medium:1.92%;--awb-width-small:100%;--awb-order-small:0;--awb-spacing-right-small:1.92%;--awb-spacing-left-small:1.92%;\"><div class=\"fusion-column-wrapper fusion-column-has-shadow fusion-flex-justify-content-flex-start fusion-content-layout-column\"><div class=\"fusion-menu-anchor\" id=\"Philosophie\"><\/div><div class=\"fusion-title title fusion-title-4 fusion-sep-none fusion-title-text fusion-title-size-two\" style=\"--awb-margin-top-small:10px;--awb-margin-right-small:0px;--awb-margin-bottom-small:10px;--awb-margin-left-small:0px;\"><h2 class=\"fusion-title-heading title-heading-left\" style=\"margin:0;text-transform:none;\">Philosophy<\/h2><\/div><div class=\"fusion-image-element \" style=\"--awb-margin-bottom:30px;--awb-caption-title-font-family:var(--h2_typography-font-family);--awb-caption-title-font-weight:var(--h2_typography-font-weight);--awb-caption-title-font-style:var(--h2_typography-font-style);--awb-caption-title-size:var(--h2_typography-font-size);--awb-caption-title-transform:var(--h2_typography-text-transform);--awb-caption-title-line-height:var(--h2_typography-line-height);--awb-caption-title-letter-spacing:var(--h2_typography-letter-spacing);\"><span class=\" fusion-imageframe imageframe-none imageframe-1 hover-type-none\" style=\"border:3px solid var(--awb-color3);\"><img loading=\"lazy\" decoding=\"async\" width=\"1170\" height=\"366\" title=\"U\u0308ber uns &#8211; Philosophie neu_statt Wortwolke\" src=\"https:\/\/www.granulat.de\/wp-content\/uploads\/2022\/03\/U\u0308ber-uns-Philosophie-neu_statt-Wortwolke.jpg\" alt class=\"img-responsive wp-image-958\" srcset=\"https:\/\/www.granulat.de\/wp-content\/uploads\/2022\/03\/U\u0308ber-uns-Philosophie-neu_statt-Wortwolke-200x63.jpg 200w, https:\/\/www.granulat.de\/wp-content\/uploads\/2022\/03\/U\u0308ber-uns-Philosophie-neu_statt-Wortwolke-400x125.jpg 400w, https:\/\/www.granulat.de\/wp-content\/uploads\/2022\/03\/U\u0308ber-uns-Philosophie-neu_statt-Wortwolke-600x188.jpg 600w, https:\/\/www.granulat.de\/wp-content\/uploads\/2022\/03\/U\u0308ber-uns-Philosophie-neu_statt-Wortwolke-800x250.jpg 800w, https:\/\/www.granulat.de\/wp-content\/uploads\/2022\/03\/U\u0308ber-uns-Philosophie-neu_statt-Wortwolke.jpg 1170w\" sizes=\"auto, (max-width: 640px) 100vw, 1170px\" \/><\/span><\/div><div class=\"fusion-text fusion-text-3\" style=\"--awb-text-transform:none;\"><p><strong>DSuccessful and trusting cooperation with GRANULAT2000\u00ae already begins with our individual consultation.<\/strong><\/p>\n<p>If in our extensive port folio the ideal product for your use does not already exist, we develop for you within the shortest time a tailor-made solution. Of course we make available to you with pleasure pattern of our Compounds or Masterbatches or ready discharged colour panels including the colorimetric data. If you wish, we create patterns at Your place including technical consultation of applications.<\/p>\n<p>As our customer you have unlimited access to the competence of our completely equipped analytic lab and our college of technology. Our experienced technicians advise you competently and constructively, in order to compile with you an individual, a custom-made and resources-caring solution for exactly your application. Product data, safety data sheets and processing recommendations are a natural component of our product services.<\/p>\n<p>All necessary information with regard to possible national or international licensings like BFR (BgVV), FDA, Pharmakopoe, KTW, DVGW, EN-71 (toys norm), UL check is available to you without limitation.<\/p>\n<p>After all registrations in the IMDS-data bank will help You to observe the documentation duties demanded by REACH. Our long-standing trusting partnership with licensing authorities will allow You an uncomplicated and certain dealing with our products.<\/p>\n<\/div><\/div><\/div><\/div><\/div><div class=\"fusion-fullwidth fullwidth-box fusion-builder-row-4 fusion-flex-container nonhundred-percent-fullwidth non-hundred-percent-height-scrolling\" style=\"--awb-border-radius-top-left:0px;--awb-border-radius-top-right:0px;--awb-border-radius-bottom-right:0px;--awb-border-radius-bottom-left:0px;--awb-padding-top:50px;--awb-padding-bottom:50px;--awb-flex-wrap:wrap;\" ><div class=\"fusion-builder-row fusion-row fusion-flex-align-items-flex-start fusion-flex-content-wrap\" style=\"max-width:1248px;margin-left: calc(-4% \/ 2 );margin-right: calc(-4% \/ 2 );\"><div class=\"fusion-layout-column fusion_builder_column fusion-builder-column-3 fusion_builder_column_1_1 1_1 fusion-flex-column\" style=\"--awb-bg-size:cover;--awb-width-large:100%;--awb-margin-top-large:0px;--awb-spacing-right-large:1.92%;--awb-margin-bottom-large:20px;--awb-spacing-left-large:1.92%;--awb-width-medium:100%;--awb-order-medium:0;--awb-spacing-right-medium:1.92%;--awb-spacing-left-medium:1.92%;--awb-width-small:100%;--awb-order-small:0;--awb-spacing-right-small:1.92%;--awb-spacing-left-small:1.92%;\"><div class=\"fusion-column-wrapper fusion-column-has-shadow fusion-flex-justify-content-flex-start fusion-content-layout-column\"><div class=\"fusion-menu-anchor\" id=\"QS\"><\/div><div class=\"fusion-title title fusion-title-5 fusion-sep-none fusion-title-text fusion-title-size-two\" style=\"--awb-margin-bottom:0px;--awb-margin-top-small:10px;--awb-margin-right-small:0px;--awb-margin-bottom-small:10px;--awb-margin-left-small:0px;\"><h2 class=\"fusion-title-heading title-heading-left\" style=\"margin:0;text-transform:none;\">Quality Assurance<\/h2><\/div><\/div><\/div><div class=\"fusion-layout-column fusion_builder_column fusion-builder-column-4 fusion_builder_column_1_1 1_1 fusion-flex-column\" style=\"--awb-bg-size:cover;--awb-width-large:100%;--awb-margin-top-large:0px;--awb-spacing-right-large:1.92%;--awb-margin-bottom-large:20px;--awb-spacing-left-large:1.92%;--awb-width-medium:100%;--awb-order-medium:0;--awb-spacing-right-medium:1.92%;--awb-spacing-left-medium:1.92%;--awb-width-small:100%;--awb-order-small:0;--awb-spacing-right-small:1.92%;--awb-spacing-left-small:1.92%;\"><div class=\"fusion-column-wrapper fusion-column-has-shadow fusion-flex-justify-content-flex-start fusion-content-layout-column\"><div class=\"fusion-image-element \" style=\"--awb-aspect-ratio:2 \/ 1;--awb-margin-bottom:30px;--awb-caption-title-font-family:var(--h2_typography-font-family);--awb-caption-title-font-weight:var(--h2_typography-font-weight);--awb-caption-title-font-style:var(--h2_typography-font-style);--awb-caption-title-size:var(--h2_typography-font-size);--awb-caption-title-transform:var(--h2_typography-text-transform);--awb-caption-title-line-height:var(--h2_typography-line-height);--awb-caption-title-letter-spacing:var(--h2_typography-letter-spacing);\"><span class=\" fusion-imageframe imageframe-none imageframe-2 hover-type-none has-aspect-ratio\"><img loading=\"lazy\" decoding=\"async\" width=\"2560\" height=\"1708\" title=\"U\u0308ber uns &#8211; QS\" src=\"https:\/\/www.granulat.de\/wp-content\/uploads\/2022\/03\/U\u0308ber-uns-QS-scaled.jpg\" class=\"img-responsive wp-image-960 img-with-aspect-ratio\" data-parent-fit=\"cover\" data-parent-container=\".fusion-image-element\" alt srcset=\"https:\/\/www.granulat.de\/wp-content\/uploads\/2022\/03\/U\u0308ber-uns-QS-200x133.jpg 200w, https:\/\/www.granulat.de\/wp-content\/uploads\/2022\/03\/U\u0308ber-uns-QS-400x267.jpg 400w, https:\/\/www.granulat.de\/wp-content\/uploads\/2022\/03\/U\u0308ber-uns-QS-600x400.jpg 600w, https:\/\/www.granulat.de\/wp-content\/uploads\/2022\/03\/U\u0308ber-uns-QS-800x534.jpg 800w, https:\/\/www.granulat.de\/wp-content\/uploads\/2022\/03\/U\u0308ber-uns-QS-1200x801.jpg 1200w, https:\/\/www.granulat.de\/wp-content\/uploads\/2022\/03\/U\u0308ber-uns-QS-scaled.jpg 2560w\" sizes=\"auto, (max-width: 640px) 100vw, 1200px\" \/><\/span><\/div><\/div><\/div><div class=\"fusion-layout-column fusion_builder_column fusion-builder-column-5 fusion_builder_column_3_4 3_4 fusion-flex-column\" style=\"--awb-bg-size:cover;--awb-width-large:75%;--awb-margin-top-large:0px;--awb-spacing-right-large:2.56%;--awb-margin-bottom-large:20px;--awb-spacing-left-large:2.56%;--awb-width-medium:75%;--awb-order-medium:0;--awb-spacing-right-medium:2.56%;--awb-spacing-left-medium:2.56%;--awb-width-small:100%;--awb-order-small:0;--awb-spacing-right-small:1.92%;--awb-spacing-left-small:1.92%;\"><div class=\"fusion-column-wrapper fusion-column-has-shadow fusion-flex-justify-content-flex-start fusion-content-layout-column\"><div class=\"fusion-text fusion-text-4\" style=\"--awb-text-transform:none;\"><p>Alle in unserem Hause hergestellten Produkte m\u00fcssen unseren Anforderungen an die Qualit\u00e4t des Materials, der Verarbeitung und der Funktionalit\u00e4t entsprechen. Damit dies stets gew\u00e4hrleistet ist, k\u00fcmmert sich ein Team bei Granulat2000 speziell um die Qualit\u00e4tssicherung. Dabei werden Kunden-w\u00fcnsche und -anregungen genauso ber\u00fccksichtigt wie Hinweise der Mitarbeiter aus Produktion und Vertrieb. Das Qualit\u00e4tsmanagementsystem DIN EN ISO 9001 ist bei Granulat2000 l\u00e4ngst zum integrierten Bestandteil der t\u00e4glichen Arbeit geworden. Instrumente wie Zielvereinbarungen, definierte Organisationsabl\u00e4ufe, Audits, Abweichungsberichte und Qualit\u00e4tskostenberechnungen sind kein Selbstzweck. Sie helfen uns dabei, die Qualit\u00e4t der Leistungen st\u00e4ndig zu verbessern, sie transparent und pr\u00fcfbar zu machen.<\/p>\n<\/div><\/div><\/div><div class=\"fusion-layout-column fusion_builder_column fusion-builder-column-6 fusion_builder_column_1_4 1_4 fusion-flex-column\" style=\"--awb-bg-size:cover;--awb-width-large:25%;--awb-margin-top-large:0px;--awb-spacing-right-large:7.68%;--awb-margin-bottom-large:20px;--awb-spacing-left-large:7.68%;--awb-width-medium:25%;--awb-order-medium:0;--awb-spacing-right-medium:7.68%;--awb-spacing-left-medium:7.68%;--awb-width-small:50%;--awb-order-small:0;--awb-spacing-right-small:3.84%;--awb-spacing-left-small:3.84%;\"><div class=\"fusion-column-wrapper fusion-column-has-shadow fusion-flex-justify-content-flex-start fusion-content-layout-row\"><div class=\"fusion-image-element \" style=\"--awb-liftup-border-radius:0px;--awb-caption-title-font-family:var(--h2_typography-font-family);--awb-caption-title-font-weight:var(--h2_typography-font-weight);--awb-caption-title-font-style:var(--h2_typography-font-style);--awb-caption-title-size:var(--h2_typography-font-size);--awb-caption-title-transform:var(--h2_typography-text-transform);--awb-caption-title-line-height:var(--h2_typography-line-height);--awb-caption-title-letter-spacing:var(--h2_typography-letter-spacing);\"><div class=\"awb-image-frame awb-image-frame-3 imageframe-liftup\"><span class=\" fusion-imageframe imageframe-glow imageframe-3\" style=\"-webkit-box-shadow: 0 0 15px rgba(20,22,23,0.2);box-shadow: 0 0 15px rgba(20,22,23,0.2);\"><a class=\"fusion-no-lightbox\" href=\"https:\/\/www.granulat.de\/wp-content\/uploads\/2024\/05\/Q-23-24386.pdf\" target=\"_blank\" aria-label=\"granulat-gmbh-zertifikat-iso-9001-neu\" rel=\"noopener noreferrer\"><img loading=\"lazy\" decoding=\"async\" width=\"1580\" height=\"2234\" src=\"https:\/\/www.granulat.de\/wp-content\/uploads\/2024\/05\/granulat-gmbh-zertifikat-iso-9001-neu.jpg\" alt class=\"img-responsive wp-image-1310\" srcset=\"https:\/\/www.granulat.de\/wp-content\/uploads\/2024\/05\/granulat-gmbh-zertifikat-iso-9001-neu-200x283.jpg 200w, https:\/\/www.granulat.de\/wp-content\/uploads\/2024\/05\/granulat-gmbh-zertifikat-iso-9001-neu-400x566.jpg 400w, https:\/\/www.granulat.de\/wp-content\/uploads\/2024\/05\/granulat-gmbh-zertifikat-iso-9001-neu-600x848.jpg 600w, https:\/\/www.granulat.de\/wp-content\/uploads\/2024\/05\/granulat-gmbh-zertifikat-iso-9001-neu-800x1131.jpg 800w, https:\/\/www.granulat.de\/wp-content\/uploads\/2024\/05\/granulat-gmbh-zertifikat-iso-9001-neu-1200x1697.jpg 1200w, https:\/\/www.granulat.de\/wp-content\/uploads\/2024\/05\/granulat-gmbh-zertifikat-iso-9001-neu.jpg 1580w\" sizes=\"auto, (max-width: 640px) 100vw, 400px\" \/><\/a><\/span><\/div><\/div><\/div><\/div><\/div><\/div><\/p>\n","protected":false},"excerpt":{"rendered":"","protected":false},"author":6,"featured_media":1085,"parent":0,"menu_order":0,"comment_status":"closed","ping_status":"closed","template":"100-width.php","meta":{"footnotes":""},"class_list":["post-1119","page","type-page","status-publish","has-post-thumbnail","hentry"],"yoast_head":"<!-- This site is optimized with the Yoast SEO plugin v27.3 - https:\/\/yoast.com\/product\/yoast-seo-wordpress\/ -->\n<title>About us - Granulat GmbH<\/title>\n<meta name=\"robots\" content=\"index, follow, max-snippet:-1, max-image-preview:large, max-video-preview:-1\" \/>\n<link rel=\"canonical\" href=\"https:\/\/www.granulat.de\/en\/about-us\/\" \/>\n<meta property=\"og:locale\" content=\"en_US\" \/>\n<meta property=\"og:type\" content=\"article\" \/>\n<meta property=\"og:title\" content=\"About us - Granulat GmbH\" \/>\n<meta property=\"og:url\" content=\"https:\/\/www.granulat.de\/en\/about-us\/\" \/>\n<meta property=\"og:site_name\" content=\"Granulat GmbH\" \/>\n<meta property=\"article:modified_time\" content=\"2025-05-15T14:11:57+00:00\" \/>\n<meta property=\"og:image\" content=\"https:\/\/www.granulat.de\/wp-content\/uploads\/2022\/05\/granulat-ueber-uns-1-scaled.jpg\" \/>\n\t<meta property=\"og:image:width\" content=\"2560\" \/>\n\t<meta property=\"og:image:height\" content=\"854\" \/>\n\t<meta property=\"og:image:type\" content=\"image\/jpeg\" \/>\n<meta name=\"twitter:card\" content=\"summary_large_image\" \/>\n<meta name=\"twitter:label1\" content=\"Est. reading time\" \/>\n\t<meta name=\"twitter:data1\" content=\"15 minutes\" \/>\n<script type=\"application\/ld+json\" class=\"yoast-schema-graph\">{\"@context\":\"https:\\\/\\\/schema.org\",\"@graph\":[{\"@type\":\"WebPage\",\"@id\":\"https:\\\/\\\/www.granulat.de\\\/en\\\/about-us\\\/\",\"url\":\"https:\\\/\\\/www.granulat.de\\\/en\\\/about-us\\\/\",\"name\":\"About us - Granulat GmbH\",\"isPartOf\":{\"@id\":\"https:\\\/\\\/www.granulat.de\\\/#website\"},\"primaryImageOfPage\":{\"@id\":\"https:\\\/\\\/www.granulat.de\\\/en\\\/about-us\\\/#primaryimage\"},\"image\":{\"@id\":\"https:\\\/\\\/www.granulat.de\\\/en\\\/about-us\\\/#primaryimage\"},\"thumbnailUrl\":\"https:\\\/\\\/www.granulat.de\\\/wp-content\\\/uploads\\\/2022\\\/05\\\/granulat-ueber-uns-1-scaled.jpg\",\"datePublished\":\"2022-03-29T13:44:47+00:00\",\"dateModified\":\"2025-05-15T14:11:57+00:00\",\"breadcrumb\":{\"@id\":\"https:\\\/\\\/www.granulat.de\\\/en\\\/about-us\\\/#breadcrumb\"},\"inLanguage\":\"en-US\",\"potentialAction\":[{\"@type\":\"ReadAction\",\"target\":[\"https:\\\/\\\/www.granulat.de\\\/en\\\/about-us\\\/\"]}]},{\"@type\":\"ImageObject\",\"inLanguage\":\"en-US\",\"@id\":\"https:\\\/\\\/www.granulat.de\\\/en\\\/about-us\\\/#primaryimage\",\"url\":\"https:\\\/\\\/www.granulat.de\\\/wp-content\\\/uploads\\\/2022\\\/05\\\/granulat-ueber-uns-1-scaled.jpg\",\"contentUrl\":\"https:\\\/\\\/www.granulat.de\\\/wp-content\\\/uploads\\\/2022\\\/05\\\/granulat-ueber-uns-1-scaled.jpg\",\"width\":2560,\"height\":854},{\"@type\":\"BreadcrumbList\",\"@id\":\"https:\\\/\\\/www.granulat.de\\\/en\\\/about-us\\\/#breadcrumb\",\"itemListElement\":[{\"@type\":\"ListItem\",\"position\":1,\"name\":\"Startseite\",\"item\":\"https:\\\/\\\/www.granulat.de\\\/\"},{\"@type\":\"ListItem\",\"position\":2,\"name\":\"About us\"}]},{\"@type\":\"WebSite\",\"@id\":\"https:\\\/\\\/www.granulat.de\\\/#website\",\"url\":\"https:\\\/\\\/www.granulat.de\\\/\",\"name\":\"Granulat GmbH\",\"description\":\"\",\"publisher\":{\"@id\":\"https:\\\/\\\/www.granulat.de\\\/#organization\"},\"potentialAction\":[{\"@type\":\"SearchAction\",\"target\":{\"@type\":\"EntryPoint\",\"urlTemplate\":\"https:\\\/\\\/www.granulat.de\\\/?s={search_term_string}\"},\"query-input\":{\"@type\":\"PropertyValueSpecification\",\"valueRequired\":true,\"valueName\":\"search_term_string\"}}],\"inLanguage\":\"en-US\"},{\"@type\":\"Organization\",\"@id\":\"https:\\\/\\\/www.granulat.de\\\/#organization\",\"name\":\"Granulat GmbH\",\"url\":\"https:\\\/\\\/www.granulat.de\\\/\",\"logo\":{\"@type\":\"ImageObject\",\"inLanguage\":\"en-US\",\"@id\":\"https:\\\/\\\/www.granulat.de\\\/#\\\/schema\\\/logo\\\/image\\\/\",\"url\":\"https:\\\/\\\/www.granulat.de\\\/wp-content\\\/uploads\\\/2022\\\/04\\\/logo-granulat_inkl-Slogan_500px.png\",\"contentUrl\":\"https:\\\/\\\/www.granulat.de\\\/wp-content\\\/uploads\\\/2022\\\/04\\\/logo-granulat_inkl-Slogan_500px.png\",\"width\":500,\"height\":180,\"caption\":\"Granulat GmbH\"},\"image\":{\"@id\":\"https:\\\/\\\/www.granulat.de\\\/#\\\/schema\\\/logo\\\/image\\\/\"}}]}<\/script>\n<!-- \/ Yoast SEO plugin. -->","yoast_head_json":{"title":"About us - Granulat GmbH","robots":{"index":"index","follow":"follow","max-snippet":"max-snippet:-1","max-image-preview":"max-image-preview:large","max-video-preview":"max-video-preview:-1"},"canonical":"https:\/\/www.granulat.de\/en\/about-us\/","og_locale":"en_US","og_type":"article","og_title":"About us - Granulat GmbH","og_url":"https:\/\/www.granulat.de\/en\/about-us\/","og_site_name":"Granulat GmbH","article_modified_time":"2025-05-15T14:11:57+00:00","og_image":[{"width":2560,"height":854,"url":"https:\/\/www.granulat.de\/wp-content\/uploads\/2022\/05\/granulat-ueber-uns-1-scaled.jpg","type":"image\/jpeg"}],"twitter_card":"summary_large_image","twitter_misc":{"Est. reading time":"15 minutes"},"schema":{"@context":"https:\/\/schema.org","@graph":[{"@type":"WebPage","@id":"https:\/\/www.granulat.de\/en\/about-us\/","url":"https:\/\/www.granulat.de\/en\/about-us\/","name":"About us - Granulat GmbH","isPartOf":{"@id":"https:\/\/www.granulat.de\/#website"},"primaryImageOfPage":{"@id":"https:\/\/www.granulat.de\/en\/about-us\/#primaryimage"},"image":{"@id":"https:\/\/www.granulat.de\/en\/about-us\/#primaryimage"},"thumbnailUrl":"https:\/\/www.granulat.de\/wp-content\/uploads\/2022\/05\/granulat-ueber-uns-1-scaled.jpg","datePublished":"2022-03-29T13:44:47+00:00","dateModified":"2025-05-15T14:11:57+00:00","breadcrumb":{"@id":"https:\/\/www.granulat.de\/en\/about-us\/#breadcrumb"},"inLanguage":"en-US","potentialAction":[{"@type":"ReadAction","target":["https:\/\/www.granulat.de\/en\/about-us\/"]}]},{"@type":"ImageObject","inLanguage":"en-US","@id":"https:\/\/www.granulat.de\/en\/about-us\/#primaryimage","url":"https:\/\/www.granulat.de\/wp-content\/uploads\/2022\/05\/granulat-ueber-uns-1-scaled.jpg","contentUrl":"https:\/\/www.granulat.de\/wp-content\/uploads\/2022\/05\/granulat-ueber-uns-1-scaled.jpg","width":2560,"height":854},{"@type":"BreadcrumbList","@id":"https:\/\/www.granulat.de\/en\/about-us\/#breadcrumb","itemListElement":[{"@type":"ListItem","position":1,"name":"Startseite","item":"https:\/\/www.granulat.de\/"},{"@type":"ListItem","position":2,"name":"About us"}]},{"@type":"WebSite","@id":"https:\/\/www.granulat.de\/#website","url":"https:\/\/www.granulat.de\/","name":"Granulat GmbH","description":"","publisher":{"@id":"https:\/\/www.granulat.de\/#organization"},"potentialAction":[{"@type":"SearchAction","target":{"@type":"EntryPoint","urlTemplate":"https:\/\/www.granulat.de\/?s={search_term_string}"},"query-input":{"@type":"PropertyValueSpecification","valueRequired":true,"valueName":"search_term_string"}}],"inLanguage":"en-US"},{"@type":"Organization","@id":"https:\/\/www.granulat.de\/#organization","name":"Granulat GmbH","url":"https:\/\/www.granulat.de\/","logo":{"@type":"ImageObject","inLanguage":"en-US","@id":"https:\/\/www.granulat.de\/#\/schema\/logo\/image\/","url":"https:\/\/www.granulat.de\/wp-content\/uploads\/2022\/04\/logo-granulat_inkl-Slogan_500px.png","contentUrl":"https:\/\/www.granulat.de\/wp-content\/uploads\/2022\/04\/logo-granulat_inkl-Slogan_500px.png","width":500,"height":180,"caption":"Granulat GmbH"},"image":{"@id":"https:\/\/www.granulat.de\/#\/schema\/logo\/image\/"}}]}},"_links":{"self":[{"href":"https:\/\/www.granulat.de\/en\/wp-json\/wp\/v2\/pages\/1119","targetHints":{"allow":["GET"]}}],"collection":[{"href":"https:\/\/www.granulat.de\/en\/wp-json\/wp\/v2\/pages"}],"about":[{"href":"https:\/\/www.granulat.de\/en\/wp-json\/wp\/v2\/types\/page"}],"author":[{"embeddable":true,"href":"https:\/\/www.granulat.de\/en\/wp-json\/wp\/v2\/users\/6"}],"replies":[{"embeddable":true,"href":"https:\/\/www.granulat.de\/en\/wp-json\/wp\/v2\/comments?post=1119"}],"version-history":[{"count":6,"href":"https:\/\/www.granulat.de\/en\/wp-json\/wp\/v2\/pages\/1119\/revisions"}],"predecessor-version":[{"id":1365,"href":"https:\/\/www.granulat.de\/en\/wp-json\/wp\/v2\/pages\/1119\/revisions\/1365"}],"wp:featuredmedia":[{"embeddable":true,"href":"https:\/\/www.granulat.de\/en\/wp-json\/wp\/v2\/media\/1085"}],"wp:attachment":[{"href":"https:\/\/www.granulat.de\/en\/wp-json\/wp\/v2\/media?parent=1119"}],"curies":[{"name":"wp","href":"https:\/\/api.w.org\/{rel}","templated":true}]}}